{"id":150,"date":"2024-07-08T16:32:59","date_gmt":"2024-07-08T16:32:59","guid":{"rendered":"https:\/\/2brothersfence.com\/?page_id=150"},"modified":"2024-07-10T17:17:08","modified_gmt":"2024-07-10T17:17:08","slug":"services","status":"publish","type":"page","link":"https:\/\/2brothersfence.com\/es\/services\/","title":{"rendered":"SERVICIOS"},"content":{"rendered":"<div data-elementor-type=\"wp-page\" data-elementor-id=\"150\" class=\"elementor elementor-150\" data-elementor-post-type=\"page\">\n\t\t\t\t\t\t<section class=\"elementor-section elementor-top-section elementor-element elementor-element-6c6c8e89 elementor-section-boxed elementor-section-height-default elementor-section-height-default\" data-id=\"6c6c8e89\" data-element_type=\"section\" data-e-type=\"section\" data-settings=\"{&quot;background_background&quot;:&quot;classic&quot;}\">\n\t\t\t\t\t\t\t<div class=\"elementor-background-overlay\"><\/div>\n\t\t\t\t\t\t\t<div class=\"elementor-container elementor-column-gap-default\">\n\t\t\t\t\t<div class=\"elementor-column elementor-col-100 elementor-top-column elementor-element elementor-element-2d4ffbb8\" data-id=\"2d4ffbb8\" data-element_type=\"column\" data-e-type=\"column\">\n\t\t\t<div class=\"elementor-widget-wrap elementor-element-populated\">\n\t\t\t\t\t\t<div class=\"elementor-element elementor-element-41f5bb14 elementor-icon-list--layout-inline elementor-align-center elementor-list-item-link-full_width elementor-widget elementor-widget-icon-list\" data-id=\"41f5bb14\" data-element_type=\"widget\" data-e-type=\"widget\" data-widget_type=\"icon-list.default\">\n\t\t\t\t<div class=\"elementor-widget-container\">\n\t\t\t\t\t\t\t<ul class=\"elementor-icon-list-items elementor-inline-items\">\n\t\t\t\t\t\t\t<li class=\"elementor-icon-list-item elementor-inline-item\">\n\t\t\t\t\t\t\t\t\t\t<span class=\"elementor-icon-list-text\">Inicio<\/span>\n\t\t\t\t\t\t\t\t\t<\/li>\n\t\t\t\t\t\t\t\t<li class=\"elementor-icon-list-item elementor-inline-item\">\n\t\t\t\t\t\t\t\t\t\t\t<span class=\"elementor-icon-list-icon\">\n\t\t\t\t\t\t\t<svg aria-hidden=\"true\" class=\"e-font-icon-svg e-fas-chevron-right\" viewbox=\"0 0 320 512\" xmlns=\"http:\/\/www.w3.org\/2000\/svg\"><path d=\"M285.476 272.971L91.132 467.314c-9.373 9.373-24.569 9.373-33.941 0l-22.667-22.667c-9.357-9.357-9.375-24.522-.04-33.901L188.505 256 34.484 101.255c-9.335-9.379-9.317-24.544.04-33.901l22.667-22.667c9.373-9.373 24.569-9.373 33.941 0L285.475 239.03c9.373 9.372 9.373 24.568.001 33.941z\"><\/path><\/svg>\t\t\t\t\t\t<\/span>\n\t\t\t\t\t\t\t\t\t\t<span class=\"elementor-icon-list-text\">Servicios<\/span>\n\t\t\t\t\t\t\t\t\t<\/li>\n\t\t\t\t\t\t<\/ul>\n\t\t\t\t\t\t<\/div>\n\t\t\t\t<\/div>\n\t\t\t\t<div class=\"elementor-element elementor-element-46491655 elementor-widget elementor-widget-heading\" data-id=\"46491655\" data-element_type=\"widget\" data-e-type=\"widget\" data-widget_type=\"heading.default\">\n\t\t\t\t<div class=\"elementor-widget-container\">\n\t\t\t\t\t<h2 class=\"elementor-heading-title elementor-size-default\">Servicios<\/h2>\t\t\t\t<\/div>\n\t\t\t\t<\/div>\n\t\t\t\t\t<\/div>\n\t\t<\/div>\n\t\t\t\t\t<\/div>\n\t\t<\/section>\n\t\t\t\t<section class=\"elementor-section elementor-top-section elementor-element elementor-element-2ca80018 elementor-section-boxed elementor-section-height-default elementor-section-height-default\" data-id=\"2ca80018\" data-element_type=\"section\" data-e-type=\"section\">\n\t\t\t\t\t\t<div class=\"elementor-container elementor-column-gap-default\">\n\t\t\t\t\t<div class=\"elementor-column elementor-col-100 elementor-top-column elementor-element elementor-element-6ec9385e elementor-invisible\" data-id=\"6ec9385e\" data-element_type=\"column\" data-e-type=\"column\" data-settings=\"{&quot;animation&quot;:&quot;fadeInDown&quot;}\">\n\t\t\t<div class=\"elementor-widget-wrap elementor-element-populated\">\n\t\t\t\t\t\t<div class=\"elementor-element elementor-element-3e9cb98c elementor-widget elementor-widget-heading\" data-id=\"3e9cb98c\" data-element_type=\"widget\" data-e-type=\"widget\" data-widget_type=\"heading.default\">\n\t\t\t\t<div class=\"elementor-widget-container\">\n\t\t\t\t\t<h2 class=\"elementor-heading-title elementor-size-default\">Nuestros servicios<\/h2>\t\t\t\t<\/div>\n\t\t\t\t<\/div>\n\t\t\t\t<div class=\"elementor-element elementor-element-a71445b elementor-widget elementor-widget-heading\" data-id=\"a71445b\" data-element_type=\"widget\" data-e-type=\"widget\" data-widget_type=\"heading.default\">\n\t\t\t\t<div class=\"elementor-widget-container\">\n\t\t\t\t\t<h2 class=\"elementor-heading-title elementor-size-default\">Servicios que brindamos<\/h2>\t\t\t\t<\/div>\n\t\t\t\t<\/div>\n\t\t\t\t<div class=\"elementor-element elementor-element-7b97426d elementor-widget elementor-widget-text-editor\" data-id=\"7b97426d\" data-element_type=\"widget\" data-e-type=\"widget\" data-widget_type=\"text-editor.default\">\n\t\t\t\t<div class=\"elementor-widget-container\">\n\t\t\t\t\t\t\t\t\t<p>Trabajamos con un equipo de profesionales que se encargaran de acondicionar su propiedad desde la cerca hasta la terraza.<\/p>\t\t\t\t\t\t\t\t<\/div>\n\t\t\t\t<\/div>\n\t\t\t\t<section class=\"elementor-section elementor-inner-section elementor-element elementor-element-4fd78b56 elementor-hidden-tablet elementor-section-boxed elementor-section-height-default elementor-section-height-default elementor-invisible\" data-id=\"4fd78b56\" data-element_type=\"section\" data-e-type=\"section\" data-settings=\"{&quot;animation&quot;:&quot;fadeInUp&quot;}\">\n\t\t\t\t\t\t<div class=\"elementor-container elementor-column-gap-default\">\n\t\t\t\t\t<div class=\"elementor-column elementor-col-50 elementor-inner-column elementor-element elementor-element-4b1cdb4c\" data-id=\"4b1cdb4c\" data-element_type=\"column\" data-e-type=\"column\">\n\t\t\t<div class=\"elementor-widget-wrap elementor-element-populated\">\n\t\t\t\t\t\t<div class=\"elementor-element elementor-element-1a92460 elementor-widget elementor-widget-image\" data-id=\"1a92460\" data-element_type=\"widget\" data-e-type=\"widget\" data-widget_type=\"image.default\">\n\t\t\t\t<div class=\"elementor-widget-container\">\n\t\t\t\t\t\t\t\t\t\t\t\t\t\t\t<img fetchpriority=\"high\" decoding=\"async\" width=\"800\" height=\"600\" src=\"https:\/\/2brothersfence.com\/wp-content\/uploads\/2024\/07\/IMG-20240707-WA0080-1-1024x768.jpg\" class=\"attachment-large size-large wp-image-384\" alt=\"\" srcset=\"https:\/\/2brothersfence.com\/wp-content\/uploads\/2024\/07\/IMG-20240707-WA0080-1-1024x768.jpg 1024w, https:\/\/2brothersfence.com\/wp-content\/uploads\/2024\/07\/IMG-20240707-WA0080-1-300x225.jpg 300w, https:\/\/2brothersfence.com\/wp-content\/uploads\/2024\/07\/IMG-20240707-WA0080-1-768x576.jpg 768w, https:\/\/2brothersfence.com\/wp-content\/uploads\/2024\/07\/IMG-20240707-WA0080-1-1536x1152.jpg 1536w, https:\/\/2brothersfence.com\/wp-content\/uploads\/2024\/07\/IMG-20240707-WA0080-1-16x12.jpg 16w, https:\/\/2brothersfence.com\/wp-content\/uploads\/2024\/07\/IMG-20240707-WA0080-1.jpg 1600w\" sizes=\"(max-width: 800px) 100vw, 800px\" \/>\t\t\t\t\t\t\t\t\t\t\t\t\t\t\t<\/div>\n\t\t\t\t<\/div>\n\t\t\t\t<div class=\"elementor-element elementor-element-3d601dc elementor-widget elementor-widget-heading\" data-id=\"3d601dc\" data-element_type=\"widget\" data-e-type=\"widget\" data-widget_type=\"heading.default\">\n\t\t\t\t<div class=\"elementor-widget-container\">\n\t\t\t\t\t<h2 class=\"elementor-heading-title elementor-size-default\">Cercas <\/h2>\t\t\t\t<\/div>\n\t\t\t\t<\/div>\n\t\t\t\t<div class=\"elementor-element elementor-element-1d3341e elementor-widget elementor-widget-text-editor\" data-id=\"1d3341e\" data-element_type=\"widget\" data-e-type=\"widget\" data-widget_type=\"text-editor.default\">\n\t\t\t\t<div class=\"elementor-widget-container\">\n\t\t\t\t\t\t\t\t\t<p>In 2 Brother&#8217;s Fence LLC you will find the best solution for the installation of fencing on the perimeter of your property, protection and beautification in one place.<\/p><p>La instalaci\u00f3n de cercas es una de las mejoras m\u00e1s necesitadas en las residencias y comercios, pues proveen seguridad al interior de toda la propiedad, adem\u00e1s dan definici\u00f3n a su paisaje y brindan un soporte ideal para jardineras y adornos.<\/p><p>Nuestro equipo especializado en cerca instala cercas de diferentes tipos, pregunte por:<\/p><ul><li>Madera<\/li><li>Vinilo<\/li><li>Hierro forjado<\/li><li>Aluminio<\/li><li>Eslab\u00f3n de la cadena<\/li><li>Vallado de seguridad<\/li><\/ul><p>\u00a0<\/p><p>La cerca que vayas a necesitar va ir en dependencia de tu estilo, la durabilidad, resistencia y presupuesto que tengas, con nuestro personal te garantizamos medidas, nivelaci\u00f3n y acabados nitidos.<\/p><p>D\u00e9janos ayudarte a elegir la cerca que m\u00e1s te convenga, garantiz\u00e1ndote profesionalismo y calidad, atendemos proyectos en Virginia, Carolina del Norte y Carolina del Sur.<\/p>\t\t\t\t\t\t\t\t<\/div>\n\t\t\t\t<\/div>\n\t\t\t\t\t<\/div>\n\t\t<\/div>\n\t\t\t\t<div class=\"elementor-column elementor-col-50 elementor-inner-column elementor-element elementor-element-9981529\" data-id=\"9981529\" data-element_type=\"column\" data-e-type=\"column\">\n\t\t\t<div class=\"elementor-widget-wrap elementor-element-populated\">\n\t\t\t\t\t\t<div class=\"elementor-element elementor-element-60ff324 elementor-widget elementor-widget-image\" data-id=\"60ff324\" data-element_type=\"widget\" data-e-type=\"widget\" data-widget_type=\"image.default\">\n\t\t\t\t<div class=\"elementor-widget-container\">\n\t\t\t\t\t\t\t\t\t\t\t\t\t\t\t<img decoding=\"async\" width=\"800\" height=\"600\" data-src=\"https:\/\/2brothersfence.com\/wp-content\/uploads\/2024\/07\/IMG-20240707-WA0094-1024x768.jpg\" class=\"attachment-large size-large wp-image-367 lazyload\" alt=\"\" data-srcset=\"https:\/\/2brothersfence.com\/wp-content\/uploads\/2024\/07\/IMG-20240707-WA0094-1024x768.jpg 1024w, https:\/\/2brothersfence.com\/wp-content\/uploads\/2024\/07\/IMG-20240707-WA0094-300x225.jpg 300w, https:\/\/2brothersfence.com\/wp-content\/uploads\/2024\/07\/IMG-20240707-WA0094-768x576.jpg 768w, https:\/\/2brothersfence.com\/wp-content\/uploads\/2024\/07\/IMG-20240707-WA0094-1536x1152.jpg 1536w, https:\/\/2brothersfence.com\/wp-content\/uploads\/2024\/07\/IMG-20240707-WA0094-16x12.jpg 16w, https:\/\/2brothersfence.com\/wp-content\/uploads\/2024\/07\/IMG-20240707-WA0094.jpg 1600w\" data-sizes=\"(max-width: 800px) 100vw, 800px\" src=\"data:image\/svg+xml;base64,PHN2ZyB3aWR0aD0iMSIgaGVpZ2h0PSIxIiB4bWxucz0iaHR0cDovL3d3dy53My5vcmcvMjAwMC9zdmciPjwvc3ZnPg==\" style=\"--smush-placeholder-width: 800px; --smush-placeholder-aspect-ratio: 800\/600;\" \/>\t\t\t\t\t\t\t\t\t\t\t\t\t\t\t<\/div>\n\t\t\t\t<\/div>\n\t\t\t\t<div class=\"elementor-element elementor-element-f3252a1 elementor-widget elementor-widget-heading\" data-id=\"f3252a1\" data-element_type=\"widget\" data-e-type=\"widget\" data-widget_type=\"heading.default\">\n\t\t\t\t<div class=\"elementor-widget-container\">\n\t\t\t\t\t<h2 class=\"elementor-heading-title elementor-size-default\">Reparaci\u00f3n de Cercas<\/h2>\t\t\t\t<\/div>\n\t\t\t\t<\/div>\n\t\t\t\t<div class=\"elementor-element elementor-element-9a67d41 elementor-widget elementor-widget-text-editor\" data-id=\"9a67d41\" data-element_type=\"widget\" data-e-type=\"widget\" data-widget_type=\"text-editor.default\">\n\t\t\t\t<div class=\"elementor-widget-container\">\n\t\t\t\t\t\t\t\t\t<p>Permita que el equipo de 2 Brother\u2019s Fence LLC llegue hasta su propiedad para hacer una evaluaci\u00f3n del estado actual en el que se encuentra su cerca. Ya que para hacerle un presupuesto ajustado a su situaci\u00f3n debemos analizar el tipo de reparaci\u00f3n que necesita su cerca dependiendo del tipo de material de la fue elaborada, la cantidad y tipo de da\u00f1o que presente.<\/p><p>Las reparaciones de cercas que realizamos van desde pintura, alineaciones, reemplazo de paneles o listones da\u00f1ados por humedad hasta cambios parciales de cercas completas.<\/p><p>Una vez que programe su cita, nuestros profesionales experimentados inspeccionar\u00e1n su \u00e1rea y le dar\u00e1n una estimaci\u00f3n gratis, compruebe nuestra experiencia y ll\u00e1menos a los n\u00fameros (919) 478-5486 \u00f3 919-478-7631.<\/p>\t\t\t\t\t\t\t\t<\/div>\n\t\t\t\t<\/div>\n\t\t\t\t\t<\/div>\n\t\t<\/div>\n\t\t\t\t\t<\/div>\n\t\t<\/section>\n\t\t\t\t<section class=\"elementor-section elementor-inner-section elementor-element elementor-element-ef0fd19 elementor-hidden-tablet elementor-section-boxed elementor-section-height-default elementor-section-height-default\" data-id=\"ef0fd19\" data-element_type=\"section\" data-e-type=\"section\">\n\t\t\t\t\t\t<div class=\"elementor-container elementor-column-gap-default\">\n\t\t\t\t\t<div class=\"elementor-column elementor-col-50 elementor-inner-column elementor-element elementor-element-8318de6\" data-id=\"8318de6\" data-element_type=\"column\" data-e-type=\"column\">\n\t\t\t<div class=\"elementor-widget-wrap elementor-element-populated\">\n\t\t\t\t\t\t<div class=\"elementor-element elementor-element-d989ff6 elementor-widget elementor-widget-image\" data-id=\"d989ff6\" data-element_type=\"widget\" data-e-type=\"widget\" data-widget_type=\"image.default\">\n\t\t\t\t<div class=\"elementor-widget-container\">\n\t\t\t\t\t\t\t\t\t\t\t\t\t\t\t<img decoding=\"async\" width=\"720\" height=\"960\" data-src=\"https:\/\/2brothersfence.com\/wp-content\/uploads\/2024\/07\/IMG-20240707-WA0100.jpg\" class=\"attachment-large size-large wp-image-416 lazyload\" alt=\"\" data-srcset=\"https:\/\/2brothersfence.com\/wp-content\/uploads\/2024\/07\/IMG-20240707-WA0100.jpg 720w, https:\/\/2brothersfence.com\/wp-content\/uploads\/2024\/07\/IMG-20240707-WA0100-225x300.jpg 225w, https:\/\/2brothersfence.com\/wp-content\/uploads\/2024\/07\/IMG-20240707-WA0100-9x12.jpg 9w\" data-sizes=\"(max-width: 720px) 100vw, 720px\" src=\"data:image\/svg+xml;base64,PHN2ZyB3aWR0aD0iMSIgaGVpZ2h0PSIxIiB4bWxucz0iaHR0cDovL3d3dy53My5vcmcvMjAwMC9zdmciPjwvc3ZnPg==\" style=\"--smush-placeholder-width: 720px; --smush-placeholder-aspect-ratio: 720\/960;\" \/>\t\t\t\t\t\t\t\t\t\t\t\t\t\t\t<\/div>\n\t\t\t\t<\/div>\n\t\t\t\t<div class=\"elementor-element elementor-element-147ede9 elementor-widget elementor-widget-heading\" data-id=\"147ede9\" data-element_type=\"widget\" data-e-type=\"widget\" data-widget_type=\"heading.default\">\n\t\t\t\t<div class=\"elementor-widget-container\">\n\t\t\t\t\t<h2 class=\"elementor-heading-title elementor-size-default\">Deck<\/h2>\t\t\t\t<\/div>\n\t\t\t\t<\/div>\n\t\t\t\t<div class=\"elementor-element elementor-element-870e0a9 elementor-widget elementor-widget-text-editor\" data-id=\"870e0a9\" data-element_type=\"widget\" data-e-type=\"widget\" data-widget_type=\"text-editor.default\">\n\t\t\t\t<div class=\"elementor-widget-container\">\n\t\t\t\t\t\t\t\t\t<p>Construir una terraza en su patio le permitir\u00e1 disfrutar al aire libre con sus familiares y amistades sin tener que salir de su propiedad.<\/p><p>2 Brother\u2019s Fence LLC te ayudara a tener la terraza que tanto deseas, instalamos y damos mantenimiento a terrazas elaboradas de diferentes materiales, madera, vinilo entre otros.<\/p><p>Todo depender\u00e1 de tus gustos y presupuesto, nuestros t\u00e9cnicos adem\u00e1s de construir tu terraza te dar\u00e1n los tips necesarios de cuidados para que alargues la vida \u00fatil de tu inversi\u00f3n, sugiri\u00e9ndote peri\u00f3dicamente mantenimiento que garanticen mas aun la belleza de tu terraza.<\/p><p>Nuestros t\u00e9cnicos te garantizan terrazas a medidas, niveladas, selladas y elaboradas con los mejores materiales del mercado.<\/p><p>Valoramos tu inversi\u00f3n, es por eso que te ofrecemos el servicio de reparaci\u00f3n de terrazas. No permitas que la terraza que actualmente tienes se heche a perder, mejor pregunta por: reparaci\u00f3n de barandillas, cambios de vigas y postes, cambio de tablillas agrietadas o da\u00f1adas, retiro de herrajes expuestos entre otros. Te dejaremos tu terraza como nueva.<\/p>\t\t\t\t\t\t\t\t<\/div>\n\t\t\t\t<\/div>\n\t\t\t\t\t<\/div>\n\t\t<\/div>\n\t\t\t\t<div class=\"elementor-column elementor-col-50 elementor-inner-column elementor-element elementor-element-7c67e7d\" data-id=\"7c67e7d\" data-element_type=\"column\" data-e-type=\"column\">\n\t\t\t<div class=\"elementor-widget-wrap elementor-element-populated\">\n\t\t\t\t\t\t<div class=\"elementor-element elementor-element-ff50bdd elementor-widget elementor-widget-image\" data-id=\"ff50bdd\" data-element_type=\"widget\" data-e-type=\"widget\" data-widget_type=\"image.default\">\n\t\t\t\t<div class=\"elementor-widget-container\">\n\t\t\t\t\t\t\t\t\t\t\t\t\t\t\t<img decoding=\"async\" width=\"800\" height=\"600\" data-src=\"https:\/\/2brothersfence.com\/wp-content\/uploads\/2024\/07\/IMG-20240707-WA0011-1024x768.jpg\" class=\"attachment-large size-large wp-image-420 lazyload\" alt=\"\" data-srcset=\"https:\/\/2brothersfence.com\/wp-content\/uploads\/2024\/07\/IMG-20240707-WA0011-1024x768.jpg 1024w, https:\/\/2brothersfence.com\/wp-content\/uploads\/2024\/07\/IMG-20240707-WA0011-300x225.jpg 300w, https:\/\/2brothersfence.com\/wp-content\/uploads\/2024\/07\/IMG-20240707-WA0011-768x576.jpg 768w, https:\/\/2brothersfence.com\/wp-content\/uploads\/2024\/07\/IMG-20240707-WA0011-1536x1152.jpg 1536w, https:\/\/2brothersfence.com\/wp-content\/uploads\/2024\/07\/IMG-20240707-WA0011-16x12.jpg 16w, https:\/\/2brothersfence.com\/wp-content\/uploads\/2024\/07\/IMG-20240707-WA0011.jpg 1600w\" data-sizes=\"(max-width: 800px) 100vw, 800px\" src=\"data:image\/svg+xml;base64,PHN2ZyB3aWR0aD0iMSIgaGVpZ2h0PSIxIiB4bWxucz0iaHR0cDovL3d3dy53My5vcmcvMjAwMC9zdmciPjwvc3ZnPg==\" style=\"--smush-placeholder-width: 800px; --smush-placeholder-aspect-ratio: 800\/600;\" \/>\t\t\t\t\t\t\t\t\t\t\t\t\t\t\t<\/div>\n\t\t\t\t<\/div>\n\t\t\t\t<div class=\"elementor-element elementor-element-e2cc66e elementor-widget elementor-widget-heading\" data-id=\"e2cc66e\" data-element_type=\"widget\" data-e-type=\"widget\" data-widget_type=\"heading.default\">\n\t\t\t\t<div class=\"elementor-widget-container\">\n\t\t\t\t\t<h2 class=\"elementor-heading-title elementor-size-default\">Hardscape<\/h2>\t\t\t\t<\/div>\n\t\t\t\t<\/div>\n\t\t\t\t<div class=\"elementor-element elementor-element-df40ab8 elementor-widget elementor-widget-text-editor\" data-id=\"df40ab8\" data-element_type=\"widget\" data-e-type=\"widget\" data-widget_type=\"text-editor.default\">\n\t\t\t\t<div class=\"elementor-widget-container\">\n\t\t\t\t\t\t\t\t\t<p>El Hardscape es muy usado en los patios de residencias y comercios para crear ambientes con apariencias naturales a trav\u00e9s de piedras naturales o artificiales.<\/p><p>2 Brother\u2019s Fence LLC construye diferentes tipos de hadscape que embellecer\u00e1n el exterior de tu propiedad, pregunte por: patios, pasarelas, muros de contenci\u00f3n, caminos de adoquines, escalones. Utilizamos materiales de la m\u00e1s alta calidad: ladrillo, piedra natural, losa, granito, adoquines de hormigon,   entre otros.<\/p><p>Tenga en cuenta el hardscape mejora en gran medida la apariencia y el atractivo general de los espacios habitables al aire libre al crear una transici\u00f3n entre el interior y el exterior de una casa. Con nuestros t\u00e9cnicos y los materiales de alta calidad de nuestros proveedores de Hardscape conocer\u00e1 la verdadera belleza en el exterior de su propiedad.<\/p>\t\t\t\t\t\t\t\t<\/div>\n\t\t\t\t<\/div>\n\t\t\t\t\t<\/div>\n\t\t<\/div>\n\t\t\t\t\t<\/div>\n\t\t<\/section>\n\t\t\t\t\t<\/div>\n\t\t<\/div>\n\t\t\t\t\t<\/div>\n\t\t<\/section>\n\t\t\t\t<section class=\"elementor-section elementor-top-section elementor-element elementor-element-64fbf307 elementor-reverse-tablet elementor-reverse-mobile elementor-section-boxed elementor-section-height-default elementor-section-height-default elementor-invisible\" data-id=\"64fbf307\" data-element_type=\"section\" data-e-type=\"section\" data-settings=\"{&quot;background_background&quot;:&quot;classic&quot;,&quot;animation&quot;:&quot;fadeInUp&quot;}\">\n\t\t\t\t\t\t<div class=\"elementor-container elementor-column-gap-default\">\n\t\t\t\t\t<div class=\"elementor-column elementor-col-50 elementor-top-column elementor-element elementor-element-2f389cb5\" data-id=\"2f389cb5\" data-element_type=\"column\" data-e-type=\"column\">\n\t\t\t<div class=\"elementor-widget-wrap elementor-element-populated\">\n\t\t\t\t\t\t<div class=\"elementor-element elementor-element-a5d2379 elementor-widget elementor-widget-image\" data-id=\"a5d2379\" data-element_type=\"widget\" data-e-type=\"widget\" data-widget_type=\"image.default\">\n\t\t\t\t<div class=\"elementor-widget-container\">\n\t\t\t\t\t\t\t\t\t\t\t\t\t\t\t<img decoding=\"async\" width=\"800\" height=\"600\" data-src=\"https:\/\/2brothersfence.com\/wp-content\/uploads\/2024\/07\/IMG-20240707-WA0081-1024x768.jpg\" class=\"attachment-large size-large wp-image-385 lazyload\" alt=\"\" data-srcset=\"https:\/\/2brothersfence.com\/wp-content\/uploads\/2024\/07\/IMG-20240707-WA0081-1024x768.jpg 1024w, https:\/\/2brothersfence.com\/wp-content\/uploads\/2024\/07\/IMG-20240707-WA0081-300x225.jpg 300w, https:\/\/2brothersfence.com\/wp-content\/uploads\/2024\/07\/IMG-20240707-WA0081-768x576.jpg 768w, https:\/\/2brothersfence.com\/wp-content\/uploads\/2024\/07\/IMG-20240707-WA0081-1536x1152.jpg 1536w, https:\/\/2brothersfence.com\/wp-content\/uploads\/2024\/07\/IMG-20240707-WA0081-16x12.jpg 16w, https:\/\/2brothersfence.com\/wp-content\/uploads\/2024\/07\/IMG-20240707-WA0081.jpg 1600w\" data-sizes=\"(max-width: 800px) 100vw, 800px\" src=\"data:image\/svg+xml;base64,PHN2ZyB3aWR0aD0iMSIgaGVpZ2h0PSIxIiB4bWxucz0iaHR0cDovL3d3dy53My5vcmcvMjAwMC9zdmciPjwvc3ZnPg==\" style=\"--smush-placeholder-width: 800px; --smush-placeholder-aspect-ratio: 800\/600;\" \/>\t\t\t\t\t\t\t\t\t\t\t\t\t\t\t<\/div>\n\t\t\t\t<\/div>\n\t\t\t\t\t<\/div>\n\t\t<\/div>\n\t\t\t\t<div class=\"elementor-column elementor-col-50 elementor-top-column elementor-element elementor-element-130efb7a\" data-id=\"130efb7a\" data-element_type=\"column\" data-e-type=\"column\">\n\t\t\t<div class=\"elementor-widget-wrap elementor-element-populated\">\n\t\t\t\t\t\t<div class=\"elementor-element elementor-element-43562155 elementor-widget elementor-widget-heading\" data-id=\"43562155\" data-element_type=\"widget\" data-e-type=\"widget\" data-widget_type=\"heading.default\">\n\t\t\t\t<div class=\"elementor-widget-container\">\n\t\t\t\t\t<h2 class=\"elementor-heading-title elementor-size-default\">Atendemos proyectos en tres estados, Virginia, Carolina del Norte y Carolina del Sur. <\/h2>\t\t\t\t<\/div>\n\t\t\t\t<\/div>\n\t\t\t\t<div class=\"elementor-element elementor-element-7b20a05e elementor-widget elementor-widget-text-editor\" data-id=\"7b20a05e\" data-element_type=\"widget\" data-e-type=\"widget\" data-widget_type=\"text-editor.default\">\n\t\t\t\t<div class=\"elementor-widget-container\">\n\t\t\t\t\t\t\t\t\t<h6>D\u00e9jenos conocer su idea y con gusto la haremos realidad, ll\u00e1menos a los tel\u00e9fonos (919) 478-5486 \u00f3 919-478-7631, ser\u00e1 atendido por t\u00e9cnicos encantados de asesorarlo.<\/h6>\t\t\t\t\t\t\t\t<\/div>\n\t\t\t\t<\/div>\n\t\t\t\t<div class=\"elementor-element elementor-element-6695c170 elementor-widget-divider--view-line elementor-widget elementor-widget-divider\" data-id=\"6695c170\" data-element_type=\"widget\" data-e-type=\"widget\" data-widget_type=\"divider.default\">\n\t\t\t\t<div class=\"elementor-widget-container\">\n\t\t\t\t\t\t\t<div class=\"elementor-divider\">\n\t\t\t<span class=\"elementor-divider-separator\">\n\t\t\t\t\t\t<\/span>\n\t\t<\/div>\n\t\t\t\t\t\t<\/div>\n\t\t\t\t<\/div>\n\t\t\t\t<div class=\"elementor-element elementor-element-3a1920f elementor-align-center elementor-widget elementor-widget-button\" data-id=\"3a1920f\" data-element_type=\"widget\" data-e-type=\"widget\" data-widget_type=\"button.default\">\n\t\t\t\t<div class=\"elementor-widget-container\">\n\t\t\t\t\t\t\t\t\t<div class=\"elementor-button-wrapper\">\n\t\t\t\t\t<a class=\"elementor-button elementor-button-link elementor-size-sm elementor-animation-push\" href=\"https:\/\/2brothersfence.com\/es\/contact\/\">\n\t\t\t\t\t\t<span class=\"elementor-button-content-wrapper\">\n\t\t\t\t\t\t\t\t\t<span class=\"elementor-button-text\">CONTACTARNOS<\/span>\n\t\t\t\t\t<\/span>\n\t\t\t\t\t<\/a>\n\t\t\t\t<\/div>\n\t\t\t\t\t\t\t\t<\/div>\n\t\t\t\t<\/div>\n\t\t\t\t\t<\/div>\n\t\t<\/div>\n\t\t\t\t\t<\/div>\n\t\t<\/section>\n\t\t\t\t<\/div>","protected":false},"excerpt":{"rendered":"<p>Home Services Services Our Services Services We Provide We work with a team of professionals that will take care of your property from the fence to the deck. Fences In 2 Brother&#8217;s Fence LLC you will find the best solution for the installation of fencing on the perimeter of your property, protection and beautification in [&hellip;]<\/p>\n","protected":false},"author":1,"featured_media":0,"parent":0,"menu_order":0,"comment_status":"closed","ping_status":"closed","template":"","meta":{"footnotes":""},"class_list":["post-150","page","type-page","status-publish","hentry"],"_links":{"self":[{"href":"https:\/\/2brothersfence.com\/es\/wp-json\/wp\/v2\/pages\/150","targetHints":{"allow":["GET"]}}],"collection":[{"href":"https:\/\/2brothersfence.com\/es\/wp-json\/wp\/v2\/pages"}],"about":[{"href":"https:\/\/2brothersfence.com\/es\/wp-json\/wp\/v2\/types\/page"}],"author":[{"embeddable":true,"href":"https:\/\/2brothersfence.com\/es\/wp-json\/wp\/v2\/users\/1"}],"replies":[{"embeddable":true,"href":"https:\/\/2brothersfence.com\/es\/wp-json\/wp\/v2\/comments?post=150"}],"version-history":[{"count":100,"href":"https:\/\/2brothersfence.com\/es\/wp-json\/wp\/v2\/pages\/150\/revisions"}],"predecessor-version":[{"id":757,"href":"https:\/\/2brothersfence.com\/es\/wp-json\/wp\/v2\/pages\/150\/revisions\/757"}],"wp:attachment":[{"href":"https:\/\/2brothersfence.com\/es\/wp-json\/wp\/v2\/media?parent=150"}],"curies":[{"name":"wp","href":"https:\/\/api.w.org\/{rel}","templated":true}]}}